{"id":27,"date":"2015-02-04T04:30:47","date_gmt":"2015-02-04T04:30:47","guid":{"rendered":"http:\/\/mavang.com\/?page_id=27"},"modified":"2016-09-01T04:19:50","modified_gmt":"2016-09-01T04:19:50","slug":"hinh-thuc-thanh-toan","status":"publish","type":"page","link":"https:\/\/mavangvn.vn\/?page_id=27","title":{"rendered":"H\u00ccNH TH\u1ee8C THANH TO\u00c1N"},"content":{"rendered":"<p style=\"text-align: justify;\"><span style=\"font-size: 10pt;\">2Kh\u00e1ch h\u00e0ng s\u1eed d\u1ee5ng d\u1ecbch v\u1ee5 c\u1ee7a Vina Gold Art s\u1ebd ph\u1ea3i \u0111\u1eb7t c\u1ecdc tr\u01b0\u1edbc 50% \u0111\u1ec3 \u0111\u1ea3m b\u1ea3o \u00a0kh\u00e1ch h\u00e0ng s\u1ebd thanh to\u00e1n chi ph\u00ed d\u1ecbch v\u1ee5 (\u00c1p d\u1ee5ng v\u1edbi kh\u00e1ch s\u1eed d\u1ee5ng d\u1ecbch v\u1ee5 tr\u1ef1c ti\u1ebfp).<\/span><\/p>\n<p style=\"text-align: justify;\"><span style=\"font-family: tahoma, arial, helvetica, sans-serif; font-size: 10pt;\"><strong><span style=\"color: #f0b73b;\">Vina Gold Art<\/span><\/strong>\u00a0ch\u1ea5p nh\u1eadn kh\u00e1ch h\u00e0ng s\u1eed d\u1ee5ng c\u00e1c ph\u01b0\u01a1ng th\u1ee9c thanh to\u00e1n sau:<\/span><\/p>\n<p style=\"text-align: justify;\"><span style=\"font-family: tahoma, arial, helvetica, sans-serif; color: #f0b73b; font-size: 10pt;\">&#8211; \u00a0<strong>Thanh to\u00e1n tr\u1ef1c ti\u1ebfp\u00a0<\/strong><\/span><\/p>\n<p style=\"text-align: justify;\"><span style=\"font-family: tahoma, arial, helvetica, sans-serif; font-size: 10pt;\"><strong><span style=\"color: #ffcc00;\">&#8211; \u00a0<span style=\"color: #f0b73b;\">Ti\u1ec1n m\u1eb7t<\/span>:<\/span>\u00a0<span style=\"color: #f0b73b;\">Vina Gold Art<\/span><\/strong>\u00a0\u01b0u ti\u00ean thanh to\u00e1n b\u1eb1ng ti\u1ec1n m\u1eb7t. Kh\u00e1ch h\u00e0ng s\u1ebd kh\u00f4ng tr\u1ea3 th\u00eam b\u1ea5t k\u00ec kho\u1ea3n ph\u00ed n\u00e0o n\u1ebfu thanh to\u00e1n b\u1eb1ng ti\u1ec1n m\u1eb7t.<\/span><\/p>\n<p style=\"text-align: justify;\"><span style=\"font-family: tahoma, arial, helvetica, sans-serif; font-size: 10pt;\"><span style=\"color: #f0b73b;\"><strong>&#8211; Th\u1ebb t\u00edn d\u1ee5ng (Visa, Master Card, ATM):<\/strong><\/span> Kh\u00e1ch h\u00e0ng qu\u1eb9t th\u1ebb v\u00e0 kh\u00f4ng ph\u1ea3i ch\u1ecbu b\u1ea5t k\u00ec m\u1ed9t kho\u1ea3n ph\u00ed n\u00e0o.<\/span><\/p>\n<p style=\"text-align: justify;\"><span style=\"font-family: tahoma, arial, helvetica, sans-serif; color: #f0b73b; font-size: 10pt;\"><b>&#8211; Thanh to\u00e1n \u0111\u1ed1i v\u1edbi kh\u00e1ch h\u00e0ng \u0111\u1eb7t h\u00e0ng:<\/b><\/span><\/p>\n<p style=\"text-align: justify;\"><span style=\"font-family: tahoma, arial, helvetica, sans-serif; font-size: 10pt;\"><em>\u0110\u1ed1i v\u1edbi nh\u1eefng kh\u00e1ch h\u00e0ng \u0111\u1eb7t h\u00e0ng qua \u0111i\u1ec7n tho\u1ea1i ho\u1eb7c qua website s\u1ebd thanh to\u00e1n tr\u01b0\u1edbc to\u00e0n b\u1ed9 s\u1ed1 ti\u1ec1n s\u1ea3n ph\u1ea9m \u0111\u1eb7t mua qua 2 s\u1ed1 t\u00e0i kho\u1ea3n sau:<\/em><\/span><\/p>\n<p style=\"text-align: justify;\"><span style=\"font-family: tahoma, arial, helvetica, sans-serif; font-size: 10pt;\">T\u00e0i kho\u1ea3n: \u00a0S\u1ed1 TK: 0451000314816-\u00a0Ch\u1ee7 TK V\u0169 Ho\u00e0ng Long-\u00a0Ng\u00e2n h\u00e0ng Vietcombank Chi nh\u00e1nh Th\u00e0nh C\u00f4ng &#8211; HN<\/span><\/p>\n<p style=\"text-align: justify;\"><span style=\"font-family: tahoma, arial, helvetica, sans-serif; font-size: 10pt;\">T\u00e0i kho\u1ea3n: \u00a0S\u1ed1 TK: 148.220.513.1656 -Ch\u1ee7 TK V\u0169 Ho\u00e0ng Long &#8211;\u00a0Ng\u00e2n h\u00e0ng Agribank Chi nh\u00e1nh H\u00f9ng V\u01b0\u01a1ng-HN<\/span><\/p>\n","protected":false},"excerpt":{"rendered":"<p>2Kh\u00e1ch h\u00e0ng s\u1eed d\u1ee5ng d\u1ecbch v\u1ee5 c\u1ee7a Vina Gold Art s\u1ebd ph\u1ea3i \u0111\u1eb7t c\u1ecdc tr\u01b0\u1edbc 50% \u0111\u1ec3 \u0111\u1ea3m b\u1ea3o \u00a0kh\u00e1ch h\u00e0ng s\u1ebd thanh to\u00e1n chi ph\u00ed d\u1ecbch v\u1ee5 (\u00c1p d\u1ee5ng v\u1edbi kh\u00e1ch s\u1eed d\u1ee5ng d\u1ecbch v\u1ee5 tr\u1ef1c ti\u1ebfp). Vina Gold Art\u00a0ch\u1ea5p nh\u1eadn kh\u00e1ch h\u00e0ng s\u1eed d\u1ee5ng c\u00e1c ph\u01b0\u01a1ng th\u1ee9c thanh to\u00e1n sau: &#8211; \u00a0Thanh to\u00e1n [&hellip;]<\/p>\n","protected":false},"author":2,"featured_media":0,"parent":0,"menu_order":2,"comment_status":"open","ping_status":"open","template":"","meta":{"_acf_changed":false,"footnotes":""},"acf":[],"_links":{"self":[{"href":"https:\/\/mavangvn.vn\/index.php?rest_route=\/wp\/v2\/pages\/27"}],"collection":[{"href":"https:\/\/mavangvn.vn\/index.php?rest_route=\/wp\/v2\/pages"}],"about":[{"href":"https:\/\/mavangvn.vn\/index.php?rest_route=\/wp\/v2\/types\/page"}],"author":[{"embeddable":true,"href":"https:\/\/mavangvn.vn\/index.php?rest_route=\/wp\/v2\/users\/2"}],"replies":[{"embeddable":true,"href":"https:\/\/mavangvn.vn\/index.php?rest_route=%2Fwp%2Fv2%2Fcomments&post=27"}],"version-history":[{"count":14,"href":"https:\/\/mavangvn.vn\/index.php?rest_route=\/wp\/v2\/pages\/27\/revisions"}],"predecessor-version":[{"id":3761,"href":"https:\/\/mavangvn.vn\/index.php?rest_route=\/wp\/v2\/pages\/27\/revisions\/3761"}],"wp:attachment":[{"href":"https:\/\/mavangvn.vn\/index.php?rest_route=%2Fwp%2Fv2%2Fmedia&parent=27"}],"curies":[{"name":"wp","href":"https:\/\/api.w.org\/{rel}","templated":true}]}}