{"id":29,"date":"2015-02-04T04:31:09","date_gmt":"2015-02-04T04:31:09","guid":{"rendered":"http:\/\/mavang.com\/?page_id=29"},"modified":"2016-09-01T04:20:10","modified_gmt":"2016-09-01T04:20:10","slug":"van-chuyen-giao-nhan","status":"publish","type":"page","link":"https:\/\/mavangvn.vn\/?page_id=29","title":{"rendered":"V\u1eacN CHUY\u1ec2N &#038; GIAO NH\u1eacN"},"content":{"rendered":"<p style=\"text-align: justify;\"><span style=\"font-size: 10pt;\"><strong><span style=\"color: #f0b73b;\">6Vina Gold Art<\/span><\/strong> <strong>mi\u1ec5n ph\u00ed ship h\u00e0ng<\/strong> \u0111\u1ebfn t\u1ea5t c\u1ea3 c\u00e1c kh\u00e1ch h\u00e0ng c\u00f3 nhu c\u1ea7u giao h\u00e0ng tr\u1ef1c ti\u1ebfp t\u1ea1i nh\u00e0.<\/span><\/p>\n<p style=\"text-align: justify;\"><span style=\"font-size: 10pt;\"><strong><span style=\"font-family: tahoma, arial, helvetica, sans-serif; color: #f0b73b;\">TH\u1edcI GIAN GIAO H\u00c0NG :<\/span><\/strong><\/span><\/p>\n<p style=\"text-align: justify;\"><span style=\"font-family: tahoma, arial, helvetica, sans-serif; font-size: 10pt;\">&#8211; C\u00e1c \u0111\u01a1n h\u00e0ng mua th\u00f4ng th\u01b0\u1eddng trong ng\u00e0y(thu\u1ed9c khu v\u1ef1c N\u1ed9i th\u00e0nh): s\u1ebd \u0111\u01b0\u1ee3c x\u1eed l\u00fd \u0111\u01a1n h\u00e0ng v\u00e0 giao trong ng\u00e0y ho\u1eb7c theo th\u1eddi gian y\u00eau c\u1ea7u c\u1ee5 th\u1ec3 c\u1ee7a Qu\u00fd kh\u00e1ch h\u00e0ng.<\/span><br \/>\n<span style=\"font-family: tahoma, arial, helvetica, sans-serif; font-size: 10pt;\"> &#8211; Trong m\u1ed9t s\u1ed1 tr\u01b0\u1eddng h\u1ee3p kh\u00e1ch quan c\u00f3 th\u1ec3 giao h\u00e0ng ch\u1eadm tr\u1ec5 do nh\u1eefng \u0111i\u1ec1u ki\u1ec7n b\u1ea5t kh\u1ea3 kh\u00e1ng nh\u01b0 th\u1eddi ti\u1ebft x\u1ea5u, \u0111i\u1ec1u ki\u1ec7n giao th\u00f4ng kh\u00f4ng thu\u1eadn l\u1ee3i, xe h\u1ecfng h\u00f3c tr\u00ean \u0111\u01b0\u1eddng giao h\u00e0ng, tr\u1ee5c tr\u1eb7c trong qu\u00e1 tr\u00ecnh xu\u1ea5t h\u00e0ng.<\/span><\/p>\n<p style=\"text-align: justify;\"><span style=\"font-size: 10pt;\"><strong><span style=\"font-family: tahoma, arial, helvetica, sans-serif; color: #f0b73b;\">TR\u00c1CH NHI\u1ec6M V\u1edaI H\u00c0NG H\u00d3A V\u1eacN CHUY\u1ec2N<\/span><\/strong><\/span><\/p>\n<p style=\"text-align: justify;\"><span style=\"font-family: tahoma, arial, helvetica, sans-serif; font-size: 10pt;\">&#8211; N\u1ebfu d\u1ecbch v\u1ee5 v\u1eadn chuy\u1ec3n do ch\u00fang t\u00f4i ch\u1ec9 \u0111\u1ecbnh, ch\u00fang t\u00f4i s\u1ebd ch\u1ecbu tr\u00e1ch nhi\u1ec7m v\u1edbi c\u00e1c s\u1ea3n ph\u1ea9m v\u00e0 c\u00e1c r\u1ee7i ro nh\u01b0 m\u1ea5t m\u00e1t ho\u1eb7c h\u01b0 h\u1ea1i c\u1ee7a s\u1ea3n ph\u1ea9m trong su\u1ed1t qu\u00e1 tr\u00ecnh v\u1eadn chuy\u1ec3n \u0111\u1ebfn Qu\u00fd kh\u00e1ch h\u00e0ng.<\/span><\/p>\n<p style=\"text-align: justify;\"><span style=\"font-family: tahoma, arial, helvetica, sans-serif; font-size: 10pt;\">&#8211; Qu\u00fd kh\u00e1ch h\u00e0ng c\u00f3 tr\u00e1ch nhi\u1ec7m ki\u1ec3m tra s\u1ea3n ph\u1ea9m khi nh\u1eadn h\u00e0ng. Khi ph\u00e1t hi\u1ec7n s\u1ea3n ph\u1ea9m b\u1ecb h\u01b0 h\u1ea1i, tr\u1ea7y x\u01b0\u1edbc, b\u1ec3 v\u1ee1, m\u1ed1p m\u00e9o, ho\u1eb7c sai th\u00f4ng tin s\u1ea3n ph\u1ea9m th\u00ec k\u00fd x\u00e1c nh\u1eadn t\u00ecnh tr\u1ea1ng h\u00e0ng h\u00f3a v\u1edbi Nh\u00e2n vi\u00ean giao nh\u1eadn v\u00e0 th\u00f4ng b\u00e1o ngay cho ch\u00fang t\u00f4i qua <strong>\u00a0<span style=\"color: #f0b73b;\">hotline\u00a00965.885.388<\/span><\/strong><\/span><\/p>\n<p style=\"text-align: justify;\"><span style=\"font-family: tahoma, arial, helvetica, sans-serif; font-size: 10pt;\">&#8211; Sau khi Qu\u00fd kh\u00e1ch h\u00e0ng \u0111\u00e3 k\u00fd nh\u1eadn s\u1ea3n ph\u1ea9m m\u00e0 kh\u00f4ng ghi ch\u00fa ho\u1eb7c c\u00f3 \u00fd ki\u1ebfn v\u1ec1 h\u00e0ng h\u00f3a. Ch\u00fang t\u00f4i kh\u00f4ng c\u00f3 tr\u00e1ch nhi\u1ec7m v\u1edbi nh\u1eefng y\u00eau c\u1ea7u \u0111\u1ed5i tr\u1ea3 v\u00ec h\u01b0 h\u1ecfng, tr\u1ea7y x\u01b0\u1edbc, b\u1ec3 v\u1ee1, m\u1ed1p m\u00e9o, sai h\u00e0ng h\u00f3a,\u2026 t\u1eeb Qu\u00fd kh\u00e1ch h\u00e0ng sau n\u00e0y.<\/span><\/p>\n<p style=\"text-align: justify;\"><span style=\"font-family: tahoma, arial, helvetica, sans-serif; font-size: 10pt;\">&#8211; N\u1ebfu d\u1ecbch v\u1ee5 v\u1eadn chuy\u1ec3n do Qu\u00fd kh\u00e1ch h\u00e0ng ch\u1ec9 \u0111\u1ecbnh v\u00e0 l\u1ef1a ch\u1ecdn th\u00ec Qu\u00fd kh\u00e1ch h\u00e0ng s\u1ebd ch\u1ecbu tr\u00e1ch nhi\u1ec7m v\u1edbi h\u00e0ng h\u00f3a v\u00e0 c\u00e1c r\u1ee7i ro nh\u01b0 m\u1ea5t m\u00e1t ho\u1eb7c h\u01b0 h\u1ea1i c\u1ee7a h\u00e0ng h\u00f3a trong su\u1ed1t qu\u00e1 tr\u00ecnh v\u1eadn chuy\u1ec3n h\u00e0ng t\u1eeb c\u1eeda h\u00e0ng \u0111\u1ebfn Qu\u00fd kh\u00e1ch h\u00e0ng. Kh\u00e1ch h\u00e0ng s\u1ebd ch\u1ecbu tr\u00e1ch nhi\u1ec7m c\u01b0\u1edbc ph\u00ed v\u00e0 t\u1ed5n th\u1ea5t li\u00ean quan.<\/span><\/p>\n","protected":false},"excerpt":{"rendered":"<p>6Vina Gold Art mi\u1ec5n ph\u00ed ship h\u00e0ng \u0111\u1ebfn t\u1ea5t c\u1ea3 c\u00e1c kh\u00e1ch h\u00e0ng c\u00f3 nhu c\u1ea7u giao h\u00e0ng tr\u1ef1c ti\u1ebfp t\u1ea1i nh\u00e0. TH\u1edcI GIAN GIAO H\u00c0NG : &#8211; C\u00e1c \u0111\u01a1n h\u00e0ng mua th\u00f4ng th\u01b0\u1eddng trong ng\u00e0y(thu\u1ed9c khu v\u1ef1c N\u1ed9i th\u00e0nh): s\u1ebd \u0111\u01b0\u1ee3c x\u1eed l\u00fd \u0111\u01a1n h\u00e0ng v\u00e0 giao trong ng\u00e0y ho\u1eb7c theo th\u1eddi gian y\u00eau [&hellip;]<\/p>\n","protected":false},"author":2,"featured_media":0,"parent":0,"menu_order":6,"comment_status":"open","ping_status":"open","template":"","meta":{"_acf_changed":false,"footnotes":""},"acf":[],"_links":{"self":[{"href":"https:\/\/mavangvn.vn\/index.php?rest_route=\/wp\/v2\/pages\/29"}],"collection":[{"href":"https:\/\/mavangvn.vn\/index.php?rest_route=\/wp\/v2\/pages"}],"about":[{"href":"https:\/\/mavangvn.vn\/index.php?rest_route=\/wp\/v2\/types\/page"}],"author":[{"embeddable":true,"href":"https:\/\/mavangvn.vn\/index.php?rest_route=\/wp\/v2\/users\/2"}],"replies":[{"embeddable":true,"href":"https:\/\/mavangvn.vn\/index.php?rest_route=%2Fwp%2Fv2%2Fcomments&post=29"}],"version-history":[{"count":8,"href":"https:\/\/mavangvn.vn\/index.php?rest_route=\/wp\/v2\/pages\/29\/revisions"}],"predecessor-version":[{"id":3762,"href":"https:\/\/mavangvn.vn\/index.php?rest_route=\/wp\/v2\/pages\/29\/revisions\/3762"}],"wp:attachment":[{"href":"https:\/\/mavangvn.vn\/index.php?rest_route=%2Fwp%2Fv2%2Fmedia&parent=29"}],"curies":[{"name":"wp","href":"https:\/\/api.w.org\/{rel}","templated":true}]}}