{"id":33,"date":"2015-02-04T04:31:36","date_gmt":"2015-02-04T04:31:36","guid":{"rendered":"http:\/\/mavang.com\/?page_id=33"},"modified":"2016-09-01T04:18:51","modified_gmt":"2016-09-01T04:18:51","slug":"bao-mat-thong-tin","status":"publish","type":"page","link":"https:\/\/mavangvn.vn\/?page_id=33","title":{"rendered":"CH\u1ea4T L\u01af\u1ee2NG V\u00c0 UY T\u00cdN"},"content":{"rendered":"<p>V\u1edbi t\u00f4n ch\u1ec9 &#8221; <strong>Ch\u1ea5t l\u01b0\u1ee3ng l\u00e0 v\u00e0ng v\u00e0 uy t\u00edn l\u00e0 s\u1ed1 m\u1ed9t<\/strong>&#8221; l\u00e0m kim ch\u1ec9 nan . C\u00f4ng ty Vina Gold Art \u0111\u00e3 n\u1ed7 l\u1ef1c \u0111\u01b0a ra th\u1ecb tr\u01b0\u1eddng nh\u1eefng s\u1ea3n ph\u1ea9m ch\u1ea5t l\u01b0\u1ee3ng v\u1ec1 c\u1ea3 h\u00ecnh th\u1ee9c v\u00e0 n\u1ed9i dung.<\/p>\n<p>C\u00f4ng ty chuy\u00ean ch\u1ebf t\u00e1c c\u00e1c s\u1ea3n ph\u1ea9m m\u1ea1 v\u00e0ng, \u0111\u00fac v\u00e0ng nguy\u00ean kh\u1ed1i, \u0111\u00fac platium <strong>&#8220;<a href=\"http:\/\/http:\/\/mavangvn.vn\/\">m\u1ea1 v\u00e0ng tr\u00ean m\u1ecdi ch\u1ea5t li\u1ec7u<\/a><\/strong><a href=\"http:\/\/http:\/\/mavangvn.vn\/\">&#8220;<\/a>. V\u00e0 \u0111\u00e1p \u1ee9ng m\u1ecdi nhu c\u1ea7u c\u1ee7a kh\u00e1ch h\u00e0ng doanh nghi\u1ec7p v\u00e0 c\u00e1 nh\u00e2n.<\/p>\n<p>Hi\u1ec7n nay c\u00f4ng ty Vina Gold Art l\u00e0 \u0111\u01a1n v\u1ecb \u0111\u1ea7u ti\u00ean \u1edf Vi\u1ec7t Nam ch\u1ebf t\u00e1c v\u00e0 m\u1ea1 v\u00e0ng\u00a0cho b\u1ed9\u00a0 g\u1eady golf v\u00e0 g\u1eafn kim c\u01b0\u01a1ng cho to\u00e0n b\u1ed9 \u1ed1p l\u01b0ng, hai vi\u1ec1n c\u1ee7a t\u1ea5t c\u1ea3 d\u00f2ng IP .<\/p>\n<p>T\u1ea5t c\u1ea3 c\u00e1c s\u1ea3n ph\u1ea9m c\u1ee7a c\u00f4ng ty Vina Gold Art \u0111\u1ec1u \u0111\u01b0\u1ee3c kh\u1eafc logo c\u00f4ng ty\u00a0 v\u00e0 c\u00f3 ch\u1ebf \u0111\u1ed9 b\u1ea3o h\u00e0nh cho t\u1eebng s\u1ea3n ph\u1ea9m.<\/p>\n<p style=\"text-align: center;\"><a href=\"http:\/\/mavangvn.vn\/wp-content\/uploads\/2015\/02\/Logo-chu---n.jpg\"><img loading=\"lazy\" decoding=\"async\" class=\" size-full wp-image-569 aligncenter\" src=\"http:\/\/mavangvn.vn\/wp-content\/uploads\/2015\/02\/Logo-chu---n.jpg\" alt=\"Logo chu\u1ea9n\" width=\"160\" height=\"160\" data-id=\"569\" srcset=\"https:\/\/mavangvn.vn\/wp-content\/uploads\/2015\/02\/Logo-chu---n.jpg 160w, https:\/\/mavangvn.vn\/wp-content\/uploads\/2015\/02\/Logo-chu---n-150x150.jpg 150w\" sizes=\"(max-width: 160px) 100vw, 160px\" \/><\/a><\/p>\n<p style=\"text-align: center;\"><em>Logo c\u00f4ng ty Vina Gold Art kh\u1eafc tr\u00ean s\u1ea3n ph\u1ea9m<\/em><\/p>\n<p>T\u1ea5t c\u1ea3 c\u00e1c s\u1ea3n ph\u1ea9m c\u1ee7a c\u00f4ng ty \u0111\u1ec1u do c\u00f4ng ty ch\u1ebf t\u00e1c v\u00e0 m\u1ea1 v\u00e0ng trong m\u1ed9t quy tr\u00ecnh kh\u00e9p k\u00edn. N\u00ean c\u00f4ng ty cam k\u1ebft v\u1ec1 ch\u1ea5t l\u01b0\u1ee3ng l\u00e0 s\u1ed1 m\u1ed9t.<\/p>\n<p>C\u00e1c s\u1ea3n ph\u1ea9m \u0111\u01b0\u1ee3c m\u1ea1 v\u1edbi c\u00f4ng ngh\u1ec7 m\u1ea1 nh\u00fang c\u00f3 \u0111i\u1ec7n th\u1ebf n\u00ean s\u1ea3n ph\u1ea9m \u0111\u1ea3m b\u1ea3o v\u1ec1 tu\u1ed5i v\u00e0ng v\u00e0 \u0111\u1ed9 d\u1ea7y m\u1ecfng \u0111\u1ebfn t\u1eebng micron. Hi\u1ec7n nay tr\u00ean th\u1ecb tr\u01b0\u1eddng c\u00f3 r\u1ea5t nhi\u1ec1u s\u1ea3n ph\u1ea9m nh\u00ecn gi\u1ed1ng\u00a0 nh\u01b0 v\u00e0ng nh\u01b0ng th\u1ef1c ch\u1ea5t l\u00e0 ph\u1ee7 na no m\u00e0u v\u00e0ng.<\/p>\n<p><a href=\"http:\/\/http:\/\/mavangvn.vn\/\">C\u00f4ng ty Vina Gold Art <\/a>khuy\u1ebfn kh\u00edch kh\u00e1ch h\u00e0ng mang s\u1ea3n ph\u1ea9m m\u1ea1 v\u00e0ng c\u1ee7a c\u00f4ng ty \u0111i th\u1eed m\u00e1y quang ph\u1ed5 .<\/p>\n<p>&nbsp;<\/p>\n<p>&nbsp;<\/p>\n","protected":false},"excerpt":{"rendered":"<p>V\u1edbi t\u00f4n ch\u1ec9 &#8221; Ch\u1ea5t l\u01b0\u1ee3ng l\u00e0 v\u00e0ng v\u00e0 uy t\u00edn l\u00e0 s\u1ed1 m\u1ed9t&#8221; l\u00e0m kim ch\u1ec9 nan . C\u00f4ng ty Vina Gold Art \u0111\u00e3 n\u1ed7 l\u1ef1c \u0111\u01b0a ra th\u1ecb tr\u01b0\u1eddng nh\u1eefng s\u1ea3n ph\u1ea9m ch\u1ea5t l\u01b0\u1ee3ng v\u1ec1 c\u1ea3 h\u00ecnh th\u1ee9c v\u00e0 n\u1ed9i dung. C\u00f4ng ty chuy\u00ean ch\u1ebf t\u00e1c c\u00e1c s\u1ea3n ph\u1ea9m m\u1ea1 v\u00e0ng, \u0111\u00fac v\u00e0ng [&hellip;]<\/p>\n","protected":false},"author":2,"featured_media":569,"parent":0,"menu_order":1,"comment_status":"open","ping_status":"open","template":"","meta":{"_acf_changed":false,"footnotes":""},"acf":[],"_links":{"self":[{"href":"https:\/\/mavangvn.vn\/index.php?rest_route=\/wp\/v2\/pages\/33"}],"collection":[{"href":"https:\/\/mavangvn.vn\/index.php?rest_route=\/wp\/v2\/pages"}],"about":[{"href":"https:\/\/mavangvn.vn\/index.php?rest_route=\/wp\/v2\/types\/page"}],"author":[{"embeddable":true,"href":"https:\/\/mavangvn.vn\/index.php?rest_route=\/wp\/v2\/users\/2"}],"replies":[{"embeddable":true,"href":"https:\/\/mavangvn.vn\/index.php?rest_route=%2Fwp%2Fv2%2Fcomments&post=33"}],"version-history":[{"count":18,"href":"https:\/\/mavangvn.vn\/index.php?rest_route=\/wp\/v2\/pages\/33\/revisions"}],"predecessor-version":[{"id":573,"href":"https:\/\/mavangvn.vn\/index.php?rest_route=\/wp\/v2\/pages\/33\/revisions\/573"}],"wp:featuredmedia":[{"embeddable":true,"href":"https:\/\/mavangvn.vn\/index.php?rest_route=\/wp\/v2\/media\/569"}],"wp:attachment":[{"href":"https:\/\/mavangvn.vn\/index.php?rest_route=%2Fwp%2Fv2%2Fmedia&parent=33"}],"curies":[{"name":"wp","href":"https:\/\/api.w.org\/{rel}","templated":true}]}}