{"id":35,"date":"2015-02-04T04:31:45","date_gmt":"2015-02-04T04:31:45","guid":{"rendered":"http:\/\/mavang.com\/?page_id=35"},"modified":"2016-09-01T04:19:55","modified_gmt":"2016-09-01T04:19:55","slug":"huong-dan-mua-hang","status":"publish","type":"page","link":"https:\/\/mavangvn.vn\/?page_id=35","title":{"rendered":"H\u01af\u1edaNG D\u1eaaN MUA H\u00c0NG"},"content":{"rendered":"<p style=\"text-align: justify;\"><span style=\"font-size: 10pt;\">Kh\u00e1ch h\u00e0ng \u1edf H\u00e0 N\u1ed9i c\u00f3 th\u1ec3 qua xem v\u00e0 mua h\u00e0ng tr\u1ef1c ti\u1ebfp showroom t\u1ea1i S\u1ed1 5 ng\u00f5 55 Hu\u1ef3nh Th\u00fac Kh\u00e1ng, \u0110\u1ed1ng \u0110a, H\u00e0 N\u1ed9i . \u0110\u1ed1i v\u1edbi kh\u00e1ch h\u00e0ng \u1edf t\u1ec9nh xa, ch\u00fang t\u00f4i \u00e1p d\u1ee5ng h\u00ecnh th\u1ee9c chuy\u1ec3n ph\u00e1t nhanh.<\/span><\/p>\n<h3 style=\"text-align: justify;\"><span style=\"color: #f0b73b; font-size: 10pt;\">QUY TR\u00ccNH GIAO D\u1ecaCH:<\/span><\/h3>\n<p style=\"text-align: justify;\"><span style=\"font-size: 10pt;\"><strong><span style=\"color: #f0b73b;\">B\u01b0\u1edbc 1: Tham kh\u1ea3o th\u00f4ng tin s\u1ea3n ph\u1ea9m qua website<\/span><br \/>\n<\/strong><\/span><\/p>\n<p style=\"text-align: justify;\"><span style=\"font-size: 10pt;\">Kh\u00e1ch h\u00e0ng tham kh\u1ea3o th\u00f4ng tin s\u1ea3n ph\u1ea9m qua website: k\u00edch c\u1ee1, m\u00f4 t\u1ea3 s\u1ea3n ph\u1ea9m, gi\u00e1 b\u00e1n.<\/span><\/p>\n<p style=\"text-align: justify;\"><span style=\"font-size: 10pt;\"><strong><span style=\"color: #f0b73b;\">B\u01b0\u1edbc 2: Li\u00ean h\u1ec7 t\u01b0 v\u1ea5n, \u0111\u1eb7t h\u00e0ng<\/span><br \/>\n<\/strong><\/span><\/p>\n<p style=\"text-align: justify;\"><span style=\"font-size: 10pt;\">Kh\u00e1ch h\u00e0ng li\u00ean h\u1ec7 v\u1edbi ch\u00fang t\u00f4i qua \u0111i\u1ec7n tho\u1ea1i 042.1236999, hotline 0965.885.388\u00a0( Mr\u00a0Long ) \u0111\u1ec3 t\u01b0 v\u1ea5n v\u1ec1 s\u1ea3n ph\u1ea9m v\u00e0 \u0111\u1eb7t h\u00e0ng.<\/span><\/p>\n<p style=\"text-align: justify;\"><span style=\"font-size: 10pt;\"><strong><span style=\"color: #f0b73b;\">B\u01b0\u1edbc 3: Thanh to\u00e1n<\/span><br \/>\n<\/strong><\/span><\/p>\n<p style=\"text-align: justify;\"><span style=\"font-size: 10pt;\">Kh\u00e1ch h\u00e0ng \u1edf H\u00e0 N\u1ed9i: ch\u00fang t\u00f4i mi\u1ec5n ph\u00ed v\u1eadn chuy\u1ec3n v\u00e0 thu ti\u1ec1n t\u1eadn n\u01a1i.<\/span><\/p>\n<p style=\"text-align: justify;\"><span style=\"font-size: 10pt;\">\u0110\u1ed1i v\u1edbi kh\u00e1ch h\u00e0ng t\u1ec9nh xa, ch\u00fang t\u00f4i \u00e1p d\u1ee5ng h\u00ecnh th\u1ee9c thanh to\u00e1n tr\u01b0\u1edbc qua chuy\u1ec3n kho\u1ea3n ng\u00e2n h\u00e0ng:<\/span><\/p>\n<p style=\"text-align: justify;\"><span style=\"font-family: tahoma, arial, helvetica, sans-serif; font-size: 10pt;\">T\u00e0i kho\u1ea3n: \u00a0S\u1ed1 TK: 0451000314816\u00a0-Ch\u1ee7 TK V\u0169 Ho\u00e0ng Long \u2013\u00a0Ng\u00e2n h\u00e0ng Vietcombank chi nh\u00e1nh Th\u00e0nh C\u00f4ng \u2013 HN<\/span><\/p>\n<p style=\"text-align: justify;\"><span style=\"font-family: tahoma, arial, helvetica, sans-serif; font-size: 10pt;\">T\u00e0i kho\u1ea3n: \u00a0S\u1ed1 TK: 148.220.513.1656 -Ch\u1ee7 TK V\u0169 Ho\u00e0ng Long \u2013\u00a0Ng\u00e2n h\u00e0ng Agribank Chi nh\u00e1nh H\u00f9ng V\u01b0\u01a1ng-HN<\/span><\/p>\n<p style=\"text-align: justify;\"><span style=\"font-size: 10pt;\"><strong><span style=\"color: #f0b73b; font-family: tahoma, arial, helvetica, sans-serif; font-size: 10pt;\">B\u01b0\u1edbc 4: Giao h\u00e0ng<\/span><br \/>\n<\/strong><\/span><\/p>\n<p style=\"text-align: justify;\"><span style=\"font-size: 10pt;\">Ngay sau khi nh\u1eadn \u0111\u01b0\u1ee3c ti\u1ec1n thanh to\u00e1n, <strong><span style=\"color: #f0b73b;\">Vina gold art<\/span>\u00a0<\/strong>s\u1ebd \u0111\u00f3ng g\u00f3i v\u00e0 chuy\u1ec3n h\u00e0ng s\u1edbm nh\u1ea5t qua chuy\u1ec3n ph\u00e1t nhanh t\u1edbi \u0111\u1ecba ch\u1ec9 kh\u00e1ch h\u00e0ng.\u00a0<\/span><\/p>\n<p style=\"text-align: justify;\"><span style=\"font-size: 10pt;\">Qu\u00fd kh\u00e1ch h\u00e0ng doanh nghi\u1ec7p c\u00f3 nhu c\u1ea7u \u0111\u1eb7t h\u00e0ng qu\u00e0 t\u1eb7ng cao c\u1ea5p, ch\u00fang t\u00f4i s\u1ebd thi\u1ebft k\u1ebf v\u00e0 s\u1ea3n xu\u1ea5t theo y\u00eau c\u1ea7u kh\u00e1ch h\u00e0ng. Vui l\u00f2ng li\u00ean h\u1ec7 0965.885.388\u00a0( Mr Long\u00a0) \u0111\u1ec3 \u0111\u01b0\u1ee3c t\u01b0 v\u1ea5n.<\/span><\/p>\n<p style=\"text-align: justify;\"><span style=\"color: #f0b73b; font-size: 10pt;\">Ho\u1eb7c tham kh\u1ea3o th\u00eam t\u1ea1i website:<\/span><\/p>\n<p style=\"text-align: justify;\"><span style=\"font-size: 10pt;\"><a href=\"http:\/\/mavangvn.com.vn\">http:\/\/mavangvn.com.vn<\/a> ho\u1eb7c <a href=\"http:\/\/mavangvn.vn\">http:\/\/mavangvn.vn<\/a><\/span><\/p>\n","protected":false},"excerpt":{"rendered":"<p>Kh\u00e1ch h\u00e0ng \u1edf H\u00e0 N\u1ed9i c\u00f3 th\u1ec3 qua xem v\u00e0 mua h\u00e0ng tr\u1ef1c ti\u1ebfp showroom t\u1ea1i S\u1ed1 5 ng\u00f5 55 Hu\u1ef3nh Th\u00fac Kh\u00e1ng, \u0110\u1ed1ng \u0110a, H\u00e0 N\u1ed9i . \u0110\u1ed1i v\u1edbi kh\u00e1ch h\u00e0ng \u1edf t\u1ec9nh xa, ch\u00fang t\u00f4i \u00e1p d\u1ee5ng h\u00ecnh th\u1ee9c chuy\u1ec3n ph\u00e1t nhanh. QUY TR\u00ccNH GIAO D\u1ecaCH: B\u01b0\u1edbc 1: Tham kh\u1ea3o th\u00f4ng tin s\u1ea3n [&hellip;]<\/p>\n","protected":false},"author":2,"featured_media":0,"parent":0,"menu_order":3,"comment_status":"open","ping_status":"open","template":"","meta":{"_acf_changed":false,"footnotes":""},"acf":[],"_links":{"self":[{"href":"https:\/\/mavangvn.vn\/index.php?rest_route=\/wp\/v2\/pages\/35"}],"collection":[{"href":"https:\/\/mavangvn.vn\/index.php?rest_route=\/wp\/v2\/pages"}],"about":[{"href":"https:\/\/mavangvn.vn\/index.php?rest_route=\/wp\/v2\/types\/page"}],"author":[{"embeddable":true,"href":"https:\/\/mavangvn.vn\/index.php?rest_route=\/wp\/v2\/users\/2"}],"replies":[{"embeddable":true,"href":"https:\/\/mavangvn.vn\/index.php?rest_route=%2Fwp%2Fv2%2Fcomments&post=35"}],"version-history":[{"count":10,"href":"https:\/\/mavangvn.vn\/index.php?rest_route=\/wp\/v2\/pages\/35\/revisions"}],"predecessor-version":[{"id":332,"href":"https:\/\/mavangvn.vn\/index.php?rest_route=\/wp\/v2\/pages\/35\/revisions\/332"}],"wp:attachment":[{"href":"https:\/\/mavangvn.vn\/index.php?rest_route=%2Fwp%2Fv2%2Fmedia&parent=35"}],"curies":[{"name":"wp","href":"https:\/\/api.w.org\/{rel}","templated":true}]}}