{"id":43,"date":"2015-02-04T04:34:14","date_gmt":"2015-02-04T04:34:14","guid":{"rendered":"http:\/\/mavang.com\/?page_id=43"},"modified":"2017-07-30T14:44:13","modified_gmt":"2017-07-30T14:44:13","slug":"gioi-thieu-vina-gold-art","status":"publish","type":"page","link":"https:\/\/mavangvn.vn\/?page_id=43","title":{"rendered":"Gi\u1edbi thi\u1ec7u"},"content":{"rendered":"<h2><span style=\"font-size: 14pt;\"><strong>Gi\u1edbi thi\u1ec7u c\u00f4ng ty m\u1ea1 v\u00e0ng chuy\u00ean nghi\u1ec7p Vina Gold Art<\/strong><\/span><\/h2>\n<p>C\u00f4ng ty TNHH Vina Gold Art \u0111\u01b0\u1ee3c s\u00e1ng l\u1eadp b\u1edfi gi\u00e1m \u0111\u1ed1c V\u0169 Ho\u00e0ng Long, m\u1ed9t ng\u01b0\u1eddi c\u00f3 nhi\u1ec1u n\u0103m kinh nghi\u1ec7m v\u00e0 ni\u1ec1m \u0111am m\u00ea v\u1edbi k\u0129 thu\u1eadt m\u1ea1 v\u00e0ng. Sau nhi\u1ec1u n\u0103m nghi\u00ean c\u1ee9u v\u00e0 t\u00ecm hi\u1ec3u th\u1ecb tr\u01b0\u1eddng m\u1ea1 v\u00e0ng t\u1ea1i Vi\u1ec7t Nam \u00f4ng V\u0169 Ho\u00e0ng\u00a0Long \u0111\u00e3 quy\u1ebft \u0111\u1ecbnh th\u00e0nh l\u1eadp C\u00f4ng ty TNHH Vina Gold Art \u0111\u1ec3 c\u00f3 th\u1ec3 ph\u00e1t tri\u1ec3n \u0111am m\u00ea c\u1ee7a b\u1ea3n th\u00e2n.<\/p>\n<figure id=\"attachment_3514\" aria-describedby=\"caption-attachment-3514\" style=\"width: 560px\" class=\"wp-caption aligncenter\"><img loading=\"lazy\" decoding=\"async\" class=\"wp-image-3514\" src=\"http:\/\/mavangvn.vn\/wp-content\/uploads\/2016\/04\/1471482940517_2270.jpg\" alt=\"Vina Gold Art ra m\u1eaft quy tr\u00ecnh m\u1ea1 v\u00e0ng \u00f4 t\u00f4\" width=\"560\" height=\"560\" data-id=\"3514\" srcset=\"https:\/\/mavangvn.vn\/wp-content\/uploads\/2016\/04\/1471482940517_2270.jpg 640w, https:\/\/mavangvn.vn\/wp-content\/uploads\/2016\/04\/1471482940517_2270-150x150.jpg 150w, https:\/\/mavangvn.vn\/wp-content\/uploads\/2016\/04\/1471482940517_2270-300x300.jpg 300w\" sizes=\"(max-width: 560px) 100vw, 560px\" \/><figcaption id=\"caption-attachment-3514\" class=\"wp-caption-text\">\u00d4 t\u00f4 Mercedes m\u1ea1 v\u00e0ng 24k d\u00f2ng s\u1ea3n ph\u1ea9m m\u1ea1 v\u00e0ng n\u1ed5i b\u1eadt c\u1ee7a c\u00f4ng ty<\/figcaption><\/figure>\n<p>C\u00f4ng ty Vina Gold Art ch\u00fang t\u00f4i chuy\u00ean\u00a0<a href=\"http:\/\/mavangvn.vn\"><strong>m\u1ea1 v\u00e0ng 24k<\/strong><\/a> tr\u00ean m\u1ecdi ch\u1ea5t li\u1ec7u, m\u1ecdi k\u00edch c\u1ee1 v\u00e0 thi c\u00f4ng s\u1ea3n ph\u1ea9m t\u1ea1i ch\u1ed7. Hi\u1ec7n t\u1ea1i C\u00f4ng ty ch\u00fang t\u00f4i cung c\u1ea5p d\u1ecbch v\u1ee5 m\u1ea1 v\u00e0ng 24k tr\u00ean c\u00e1c s\u1ea3n ph\u1ea9m nh\u01b0: m\u1ea1 v\u00e0ng t\u01b0\u1ee3ng ph\u1eadt, m\u1ea1 v\u00e0ng n\u1ed9i th\u1ea5t \u00f4 t\u00f4, m\u1ea1 v\u00e0ng n\u1ed9i th\u1ea5t nh\u00e0, m\u1ea1 v\u00e0ng qu\u00e0 t\u1eb7ng. V\u1edbi kh\u1ea9u hi\u1ec7u \u201cch\u1ea5t l\u01b0\u1ee3ng l\u00e0 v\u00e0ng, uy t\u00edn l\u00e0 s\u1ed1 m\u1ed9t\u201d ch\u00fang t\u00f4i lu\u00f4n c\u1ed1 g\u1eafng mang \u0111\u1ebfn nh\u1eefng s\u1ea3n ph\u1ea9m ch\u1ea5t l\u01b0\u1ee3ng nh\u1ea5t, gi\u00e1 c\u1ea3 \u01b0u \u0111\u00e3i nh\u1ea5t v\u00e0 d\u1ecbch v\u1ee5 ho\u00e0n h\u1ea3o nh\u1ea5t cho m\u1ecdi kh\u00e1ch h\u00e0ng. Lu\u00f4n lu\u00f4n khuy\u1ebfn kh\u00edch kh\u00e1ch h\u00e0ng \u0111em s\u1ea3n ph\u1ea9m \u0111i th\u1eed m\u00e1y quang ph\u1ed5 \u0111\u1ec3 bi\u1ebft \u0111\u01b0\u1ee3c l\u1edbp v\u00e0ng \u0111\u01b0\u1ee3c m\u1ea1 tr\u00ean s\u1ea3n ph\u1ea9m c\u00f3 ph\u1ea3i l\u00e0 v\u00e0ng th\u1eadt kh\u00f4ng? N\u1ebfu kh\u00f4ng ph\u1ea3i ch\u00fang t\u00f4i s\u1ebd \u0111\u1ec1n g\u1ea5p nhi\u1ec1u l\u1ea7n.<\/p>\n<figure id=\"attachment_3938\" aria-describedby=\"caption-attachment-3938\" style=\"width: 560px\" class=\"wp-caption aligncenter\"><img loading=\"lazy\" decoding=\"async\" class=\"wp-image-3938\" title=\"Ng\u00f3i s\u1ee9 m\u1ea1 v\u00e0ng 9999\" src=\"http:\/\/mavangvn.vn\/wp-content\/uploads\/2016\/10\/1477298653147_54538.jpg\" alt=\"Ng\u00f3i s\u1ee9 m\u1ea1 v\u00e0ng 9999\" width=\"560\" height=\"746\" data-id=\"3938\" srcset=\"https:\/\/mavangvn.vn\/wp-content\/uploads\/2016\/10\/1477298653147_54538.jpg 640w, https:\/\/mavangvn.vn\/wp-content\/uploads\/2016\/10\/1477298653147_54538-225x300.jpg 225w\" sizes=\"(max-width: 560px) 100vw, 560px\" \/><figcaption id=\"caption-attachment-3938\" class=\"wp-caption-text\">Ng\u00f3i s\u1ee9 m\u1ea1 v\u00e0ng \u0111\u01b0\u1ee3c kh\u00e1ch h\u00e0ng \u0111em \u0111i th\u1eed m\u00e1y quang ph\u1ed5 v\u00e0 k\u1ebft qu\u1ea3 ho\u00e0n to\u00e0n l\u00e0 v\u00e0ng th\u1eadt<\/figcaption><\/figure>\n<p>M\u1eb7c d\u00f9 l\u00e0 m\u1ed9t c\u00f4ng ty m\u1edbi ho\u1ea1t \u0111\u1ed9ng trong l\u0129nh v\u1ef1c m\u1ea1 v\u00e0ng, tuy nhi\u00ean ch\u00fang t\u00f4i lu\u00f4n lu\u00f4n t\u00ecm t\u00f2i \u0111\u1ec3 ph\u00e1t tri\u1ec3n b\u1ea3n th\u00e2n, kh\u00f4ng l\u00f9i b\u01b0\u1edbc tr\u01b0\u1edbc nh\u1eefng th\u1eed th\u00e1ch v\u00e0 \u0111ang s\u1edf h\u1eefu nh\u1eefng c\u00f4ng ngh\u1ec7 m\u1ea1 v\u00e0ng ti\u00ean ti\u1ebfn, hi\u1ec7n \u0111\u1ea1i h\u00e0ng \u0111\u1ea7u t\u1ea1i Vi\u1ec7t Nam. Hi\u1ec7n t\u1ea1i c\u00f3 r\u1ea5t nhi\u1ec1u \u0111\u01a1n v\u1ecb cung c\u1ea5p d\u1ecbch v\u1ee5 m\u1ea1 v\u00e0ng tuy nhi\u00ean ch\u00fang t\u00f4i t\u1ef1 tin kh\u1eb3ng \u0111\u1ecbnh ch\u01b0a m\u1ed9t \u0111\u01a1n v\u1ecb n\u00e0o ngo\u00e0i Vina Gold Art c\u00f3 kh\u1ea3 n\u0103ng m\u1ea1 \u0111\u01b0\u1ee3c v\u00e0ng 24k tr\u00ean c\u00e1c ch\u1ea5t li\u1ec7u kh\u00f4ng ph\u1ea3i l\u00e0 kim lo\u1ea1i nh\u01b0 \u0111\u00e1, g\u1ed7, nh\u1ef1a\u2026<\/p>\n<figure id=\"attachment_3558\" aria-describedby=\"caption-attachment-3558\" style=\"width: 560px\" class=\"wp-caption aligncenter\"><img loading=\"lazy\" decoding=\"async\" class=\"wp-image-3558\" src=\"http:\/\/mavangvn.vn\/wp-content\/uploads\/2016\/08\/1472008257515_4299.jpg\" alt=\"C\u00e1c b\u1ed9 ph\u1ee5 ki\u1ec7n - logo \u00f4 t\u00f4 m\u1ea1 v\u00e0ng 24k t\u1ea1i Showroom c\u00f4ng ty Vina Gold Art\" width=\"560\" height=\"748\" data-id=\"3558\" srcset=\"https:\/\/mavangvn.vn\/wp-content\/uploads\/2016\/08\/1472008257515_4299.jpg 719w, https:\/\/mavangvn.vn\/wp-content\/uploads\/2016\/08\/1472008257515_4299-225x300.jpg 225w\" sizes=\"(max-width: 560px) 100vw, 560px\" \/><figcaption id=\"caption-attachment-3558\" class=\"wp-caption-text\">D\u00f2ng s\u1ea3n ph\u1ea9m logo \u00f4 t\u00f4 m\u1ea1 v\u00e0ng ho\u00e0n to\u00e0n\u00a0ch\u1ea5t li\u1ec7u nh\u1ef1a<\/figcaption><\/figure>\n<p>Lu\u00f4n mong mu\u1ed1n mang l\u1ea1i c\u00e1c s\u1ea3n ph\u1ea9m m\u1edbi cho th\u1ecb tr\u01b0\u1eddng m\u1ea1 v\u00e0ng, C\u00f4ng ty Vina Gold Art ch\u00fang t\u00f4i lu\u00f4n kh\u00f4ng ng\u1eebng n\u1ed7 l\u1ef1c h\u1ecdc h\u1ecfi v\u00e0 nghi\u00ean c\u1ee9u c\u00e1c c\u00f4ng ngh\u1ec7 m\u1ea1 v\u00e0ng m\u1edbi tr\u00ean th\u1ebf gi\u1edbi, li\u00ean t\u1ee5c n\u00e2ng cao tay ngh\u1ec1 cho \u0111\u1ed9i ng\u0169 k\u0129 thu\u1eadt \u0111\u1ec3 \u0111\u00e1p \u1ee9ng m\u1ed9t c\u00e1ch t\u1ed1t nh\u1ea5t nhu c\u1ea7u ng\u00e0y c\u00e0ng kh\u1eaft khe c\u1ee7a kh\u00e1ch h\u00e0ng. Ch\u00fang t\u00f4i t\u1ef1 tin c\u00f3 th\u1ec3 l\u00e0m h\u00e0i l\u00f2ng ngay c\u1ea3 nh\u1eefng kh\u00e1ch h\u00e0ng kh\u00f3 t\u00ednh nh\u1ea5t.<\/p>\n<p>Khi \u0111\u1ebfn\u00a0Showroom c\u1ee7a c\u00f4ng ty t\u1ea1i s\u1ed1 5, ng\u00f5 55 Ph\u1ed1 Hu\u1ef3nh Th\u00fac Kh\u00e1ng &#8211; Qu\u1eadn \u0110\u1ed1ng \u0110a &#8211; H\u00e0 N\u1ed9i, qu\u00fd kh\u00e1ch h\u00e0ng c\u00f3 th\u1ec3 \u0111\u01b0\u1ee3c tr\u1ef1c ti\u1ebfp xem nh\u1eefng s\u1ea3n ph\u1ea9m m\u1ea1 v\u00e0ng 24k c\u1ee7a c\u00f4ng ty nh\u01b0: m\u1ea1 v\u00e0ng n\u1ed9i th\u1ea5t, c\u00e1c s\u1ea3n ph\u1ea9m m\u1ea1 v\u00e0ng qu\u00e0 t\u1eb7ng, m\u1ea1 v\u00e0ng t\u01b0\u1ee3ng, m\u1ea1 v\u00e0ng \u00f4 t\u00f4&#8230;v\u00e0 r\u1ea5t nhi\u1ec1u\u00a0c\u00e1c s\u1ea3n ph\u1ea9m m\u1ea1 v\u00e0ng kh\u00e1c.<\/p>\n<p>H\u00e3y \u0111\u1ebfn v\u1edbi v\u1edbi Vina Gold Art \u0111\u1ec3 c\u00f3 \u0111\u01b0\u1ee3c nh\u1eefng s\u1ea3n ph\u1ea9m m\u1ea1 v\u00e0ng t\u1ed1t nh\u1ea5t, gi\u00e1 c\u1ea3 \u01b0u \u0111\u00e3i nh\u1ea5t, ch\u1ebf \u0111\u1ed9 b\u1ea3o h\u00e0nh d\u00e0i h\u1ea1n v\u00e0 t\u1eadn h\u01b0\u1edfng d\u1ecbch v\u1ee5 chuy\u00ean nghi\u1ec7p nh\u1ea5t.<\/p>\n<p>C\u00f4ng ty TNHH Vina Gold Art<\/p>\n<p>Th\u01b0\u01a1ng hi\u1ec7u ph\u00e1t tri\u1ec3n: 24k luxury<\/p>\n<p>\u0110\u1ecba ch\u1ec9 : S\u1ed1 5, Ng\u00f5 55, Ph\u1ed1 Hu\u1ef3nh Th\u00fac Kh\u00e1ng &#8211; \u0110\u1ed1ng \u0110a &#8211; H\u00e0 N\u1ed9i<\/p>\n<p>Hotline : 0965.88.53.88 &#8211; 0242.123.6.999<\/p>\n<p>Website: mavangvn.vn &#8211; 24kluxury.vn &#8211; mavangchuyennghiep.vn &#8211; otomavang.com<\/p>\n<p>Email: mavangluxury@gmail.com<\/p>\n","protected":false},"excerpt":{"rendered":"<p>Gi\u1edbi thi\u1ec7u c\u00f4ng ty m\u1ea1 v\u00e0ng chuy\u00ean nghi\u1ec7p Vina Gold Art C\u00f4ng ty TNHH Vina Gold Art \u0111\u01b0\u1ee3c s\u00e1ng l\u1eadp b\u1edfi gi\u00e1m \u0111\u1ed1c V\u0169 Ho\u00e0ng Long, m\u1ed9t ng\u01b0\u1eddi c\u00f3 nhi\u1ec1u n\u0103m kinh nghi\u1ec7m v\u00e0 ni\u1ec1m \u0111am m\u00ea v\u1edbi k\u0129 thu\u1eadt m\u1ea1 v\u00e0ng. Sau nhi\u1ec1u n\u0103m nghi\u00ean c\u1ee9u v\u00e0 t\u00ecm hi\u1ec3u th\u1ecb tr\u01b0\u1eddng m\u1ea1 v\u00e0ng t\u1ea1i [&hellip;]<\/p>\n","protected":false},"author":2,"featured_media":0,"parent":0,"menu_order":0,"comment_status":"open","ping_status":"open","template":"","meta":{"_acf_changed":false,"footnotes":""},"acf":[],"_links":{"self":[{"href":"https:\/\/mavangvn.vn\/index.php?rest_route=\/wp\/v2\/pages\/43"}],"collection":[{"href":"https:\/\/mavangvn.vn\/index.php?rest_route=\/wp\/v2\/pages"}],"about":[{"href":"https:\/\/mavangvn.vn\/index.php?rest_route=\/wp\/v2\/types\/page"}],"author":[{"embeddable":true,"href":"https:\/\/mavangvn.vn\/index.php?rest_route=\/wp\/v2\/users\/2"}],"replies":[{"embeddable":true,"href":"https:\/\/mavangvn.vn\/index.php?rest_route=%2Fwp%2Fv2%2Fcomments&post=43"}],"version-history":[{"count":35,"href":"https:\/\/mavangvn.vn\/index.php?rest_route=\/wp\/v2\/pages\/43\/revisions"}],"predecessor-version":[{"id":4709,"href":"https:\/\/mavangvn.vn\/index.php?rest_route=\/wp\/v2\/pages\/43\/revisions\/4709"}],"wp:attachment":[{"href":"https:\/\/mavangvn.vn\/index.php?rest_route=%2Fwp%2Fv2%2Fmedia&parent=43"}],"curies":[{"name":"wp","href":"https:\/\/api.w.org\/{rel}","templated":true}]}}